{"id":2,"date":"2020-07-27T11:41:24","date_gmt":"2020-07-27T14:41:24","guid":{"rendered":"http:\/\/www.ibraop.org.br\/20anos\/?page_id=2"},"modified":"2021-05-10T15:34:30","modified_gmt":"2021-05-10T18:34:30","slug":"pagina-exemplo","status":"publish","type":"page","link":"http:\/\/site.ibraop.org.br\/20anos\/","title":{"rendered":"Home"},"content":{"rendered":"<div id=\"pl-2\"  class=\"panel-layout\" ><div id=\"pg-2-0\"  class=\"panel-grid panel-no-style\" ><div id=\"pgc-2-0-0\"  class=\"panel-grid-cell\" ><div id=\"panel-2-0-0-0\" class=\"so-panel widget widget_sow-editor panel-first-child panel-last-child\" data-index=\"0\" ><div class=\"so-widget-sow-editor so-widget-sow-editor-base\">\n<div class=\"siteorigin-widget-tinymce textwidget\">\n\t<p>&nbsp;<\/p>\n<blockquote>\n<p style=\"text-align: justify;\"><span style=\"font-size: 10pt;\">Em 2020, o Instituto Brasileiro de Auditoria de Obras P\u00fablicas completa 20 anos de funda\u00e7\u00e3o. Diversos materiais e atividades est\u00e3o sendo elaborados e preparados. Entre os meses de julho e novembro, este <em>hotsite<\/em> ir\u00e1 reunir artigos, entrevistas, mat\u00e9rias jornal\u00edsticas, v\u00eddeos e publica\u00e7\u00f5es que v\u00e3o contar um pouco da hist\u00f3ria do Ibraop para voc\u00ea. As comemora\u00e7\u00f5es se encerram com a realiza\u00e7\u00e3o de um Webinar, no dia 23 de novembro, e de um Ciclo de Palestras, nos dias 24, 25 e 26 \u2013 ambos os eventos on-line.\u00a0<strong>Seja bem-vindo (a)!<\/strong><\/span><\/p>\n<\/blockquote>\n<p>&nbsp;<\/p>\n<p><!-- wp:video {\"id\":850} --><\/p>\n<figure class=\"wp-block-video\"><\/figure>\n<\/div>\n<\/div><\/div><\/div><div id=\"pgc-2-0-1\"  class=\"panel-grid-cell\" ><div id=\"panel-2-0-1-0\" class=\"so-panel widget widget_sow-editor panel-first-child panel-last-child\" data-index=\"1\" ><div class=\"so-widget-sow-editor so-widget-sow-editor-base\">\n<div class=\"siteorigin-widget-tinymce textwidget\">\n\t<p>&nbsp;<\/p>\n<p><iframe src=\"\/\/www.youtube.com\/embed\/uf2FHWXODTY\" width=\"350\" height=\"230\" frameborder=\"0\" allowfullscreen=\"allowfullscreen\"><span data-mce-type=\"bookmark\" style=\"display: inline-block; width: 0px; overflow: hidden; line-height: 0;\" class=\"mce_SELRES_start\">\ufeff<\/span><span data-mce-type=\"bookmark\" style=\"display: inline-block; width: 0px; overflow: hidden; line-height: 0;\" class=\"mce_SELRES_start\">\ufeff<\/span><span data-mce-type=\"bookmark\" style=\"display: inline-block; width: 0px; overflow: hidden; line-height: 0;\" class=\"mce_SELRES_start\">\ufeff<\/span><\/iframe><\/p>\n<p>&nbsp;<\/p>\n<p><!-- wp:video {\"id\":850} --><\/p>\n<figure class=\"wp-block-video\"><\/figure>\n<\/div>\n<\/div><\/div><\/div><\/div><div id=\"pg-2-1\"  class=\"panel-grid panel-has-style\" ><div class=\"siteorigin-panels-stretch panel-row-style-full-width panel-row-style panel-row-style-for-2-1\" style=\"background-color: #e8e8e8; \" data-stretch-type=\"full\" ><div id=\"pgc-2-1-0\"  class=\"panel-grid-cell\" ><div id=\"panel-2-1-0-0\" class=\"so-panel widget widget_sow-post-carousel panel-first-child panel-last-child\" data-index=\"2\" ><div class=\"panel-widget-style panel-widget-style-for-2-1-0-0\" ><div class=\"so-widget-sow-post-carousel so-widget-sow-post-carousel-default-8b94ca7e34fe\">\n\t<div class=\"sow-carousel-title has-title\">\n\t\t<h3 class=\"widget-title\">. \u00daLTIMAS NOT\u00cdCIAS<\/h3>\n\t\t<div class=\"sow-carousel-navigation\">\n\t\t\t<a href=\"#\" class=\"sow-carousel-next\" title=\"Pr\u00f3ximo\" aria-label=\"Next Posts\" role=\"button\"><\/a>\n\t\t\t<a href=\"#\" class=\"sow-carousel-previous\" title=\"Anterior\" aria-label=\"Previous Posts\" role=\"button\"><\/a>\n\t\t<\/div>\n\n\t<\/div>\n\n\t<div class=\"sow-carousel-container\">\n\n\t\t<a href=\"#\" class=\"sow-carousel-previous\" title=\"Anterior\" aria-label=\"Previous Posts\" role=\"button\"><\/a>\n\n\t\t<a href=\"#\" class=\"sow-carousel-next\" title=\"Pr\u00f3ximo\" aria-label=\"Next Posts\" role=\"button\"><\/a>\n\n\t\t<div class=\"sow-carousel-wrapper\"\n\t\t     data-post-count=\"12\"\n\t\t     data-loop-posts-enabled=\"1\"\n\t\t     data-ajax-url=\"http:\/\/site.ibraop.org.br\/20anos\/wp-admin\/admin-ajax.php?_widgets_nonce=54b33dda5e\"\n\t\t     data-page=\"1\"\n\t\t     data-fetching=\"false\"\n\t\t     data-dir=\"ltr\"\n\t\t>\n\t\t\t<div class=\"sow-carousel-items\">\n\t\t\t\t\t<div class=\"sow-carousel-item\" tabindex=\"-1\">\n\t\t<div class=\"sow-carousel-thumbnail\">\n\t\t\t\t\t\t\t<a href=\"http:\/\/site.ibraop.org.br\/20anos\/2683-2\/\" style=\"background-image: url(http:\/\/site.ibraop.org.br\/20anos\/wp-content\/uploads\/sites\/8\/2020\/11\/bartolomeu-300x300.jpg)\" aria-labelledby=\"sow-carousel-id-2683\" tabindex=\"-1\">\n\t\t\t\t\t<span class=\"overlay\"><\/span>\n\t\t\t\t<\/a>\n\t\t\t\t\t<\/div>\n\t\t<h3><a href=\"http:\/\/site.ibraop.org.br\/20anos\/2683-2\/\" id=\"sow-carousel-id-2683\" tabindex=\"-1\">Depoimentos de Diretores do Ibraop e entrevista com auditora de Mo\u00e7ambique s\u00e3o os destaques da semana<\/a><\/h3>\n\t<\/div>\n\t<div class=\"sow-carousel-item\" tabindex=\"-1\">\n\t\t<div class=\"sow-carousel-thumbnail\">\n\t\t\t\t\t\t\t<a href=\"http:\/\/site.ibraop.org.br\/20anos\/depoimento-de-diretores-do-ibraop\/\" style=\"background-image: url(http:\/\/site.ibraop.org.br\/20anos\/wp-content\/uploads\/sites\/8\/2020\/11\/Alysson-300x300.png)\" aria-labelledby=\"sow-carousel-id-2528\" tabindex=\"-1\">\n\t\t\t\t\t<span class=\"overlay\"><\/span>\n\t\t\t\t<\/a>\n\t\t\t\t\t<\/div>\n\t\t<h3><a href=\"http:\/\/site.ibraop.org.br\/20anos\/depoimento-de-diretores-do-ibraop\/\" id=\"sow-carousel-id-2528\" tabindex=\"-1\">Depoimento de Diretores do Ibraop s\u00e3o destaque do hotsite 20 anos nesta semana<\/a><\/h3>\n\t<\/div>\n\t<div class=\"sow-carousel-item\" tabindex=\"-1\">\n\t\t<div class=\"sow-carousel-thumbnail\">\n\t\t\t\t\t\t\t<a href=\"http:\/\/site.ibraop.org.br\/20anos\/vices-presidentes-do-ibraop-e-da-atricon\/\" style=\"background-image: url(http:\/\/site.ibraop.org.br\/20anos\/wp-content\/uploads\/sites\/8\/2020\/10\/Conselheiro_Raina-288x300-1.png)\" aria-labelledby=\"sow-carousel-id-2521\" tabindex=\"-1\">\n\t\t\t\t\t<span class=\"overlay\"><\/span>\n\t\t\t\t<\/a>\n\t\t\t\t\t<\/div>\n\t\t<h3><a href=\"http:\/\/site.ibraop.org.br\/20anos\/vices-presidentes-do-ibraop-e-da-atricon\/\" id=\"sow-carousel-id-2521\" tabindex=\"-1\">Vices-Presidentes do Ibraop e da Atricon se manifestam sobre os 20 anos de funda\u00e7\u00e3o do Instituto<\/a><\/h3>\n\t<\/div>\n\t\t\t<\/div>\n\t\t<\/div>\n\t<\/div>\n\t<input type=\"hidden\" name=\"instance_hash\" value=\"704aaecb\"\/>\n<\/div><\/div><\/div><\/div><\/div><\/div><div id=\"pg-2-2\"  class=\"panel-grid panel-has-style\" ><div class=\"siteorigin-panels-stretch panel-row-style-full-width panel-row-style panel-row-style-for-2-2\" data-stretch-type=\"full\" ><div id=\"pgc-2-2-0\"  class=\"panel-grid-cell\" ><div id=\"panel-2-2-0-0\" class=\"so-panel widget widget_sow-editor panel-first-child panel-last-child\" data-index=\"3\" ><div class=\"so-widget-sow-editor so-widget-sow-editor-base\">\n<div class=\"siteorigin-widget-tinymce textwidget\">\n\t<h2 style=\"padding-left: 80px; text-align: left;\"><a href=\"https:\/\/online.pubhtml5.com\/guip\/dyft\/#p=1\"><img loading=\"lazy\" class=\"alignleft wp-image-2739\" src=\"http:\/\/site.ibraop.org.br\/20anos\/wp-content\/uploads\/sites\/8\/2020\/11\/ebook_200x211.png\" alt=\"\" width=\"240\" height=\"227\" \/><\/a><strong>Ibraop 20 anos<\/strong><\/h2>\n<p style=\"text-align: left;\"><strong>Artigos T\u00e9cnicos que marcaram Nossa Hist\u00f3ria <\/strong>- edi\u00e7\u00e3o comemorativa<\/p>\n<p style=\"text-align: left;\"><strong><a href=\"https:\/\/www.ibraop.org.br\/wp-content\/uploads\/2020\/11\/20anos-Ibraop.pdf\" target=\"_blank\" rel=\"noopener noreferrer\">vers\u00e3o em pdf\u00a0<\/a><\/strong><\/p>\n<p><strong><a href=\"https:\/\/ibraop.org.br\/Publicacoes\/20anosIbraop\/index.html\">e-book<\/a><\/strong><\/p>\n<\/div>\n<\/div><\/div><\/div><div id=\"pgc-2-2-1\"  class=\"panel-grid-cell\" ><div id=\"panel-2-2-1-0\" class=\"so-panel widget widget_sow-editor panel-first-child panel-last-child\" data-index=\"4\" ><div class=\"so-widget-sow-editor so-widget-sow-editor-base\">\n<div class=\"siteorigin-widget-tinymce textwidget\">\n\t<h2 style=\"padding-left: 80px; text-align: left;\"><a href=\"https:\/\/online.pubhtml5.com\/guip\/olsu\/#p=1\"><img loading=\"lazy\" class=\"wp-image-2747 alignleft\" src=\"http:\/\/site.ibraop.org.br\/20anos\/wp-content\/uploads\/sites\/8\/2020\/11\/mockup-livreto-294x300.png\" alt=\"\" width=\"200\" height=\"204\" srcset=\"http:\/\/site.ibraop.org.br\/20anos\/wp-content\/uploads\/sites\/8\/2020\/11\/mockup-livreto-294x300.png 294w, http:\/\/site.ibraop.org.br\/20anos\/wp-content\/uploads\/sites\/8\/2020\/11\/mockup-livreto.png 304w\" sizes=\"(max-width: 200px) 100vw, 200px\" \/><\/a><strong>20 anos<\/strong><\/h2>\n<p style=\"text-align: left;\"><strong>Livro Institucional<\/strong><\/p>\n<p style=\"text-align: left;\"><strong><a href=\"https:\/\/www.ibraop.org.br\/wp-content\/uploads\/2020\/11\/livreto20anosIbraop.pdf\" target=\"_blank\" rel=\"noopener noreferrer\">vers\u00e3o em pdf<\/a>\u00a0 <\/strong><\/p>\n<p style=\"text-align: left;\"><strong><a href=\"https:\/\/ibraop.org.br\/Publicacoes\/Livreto20anos\/index.html\" target=\"_blank\" rel=\"noopener noreferrer\">e-book<\/a><\/strong><\/p>\n<\/div>\n<\/div><\/div><\/div><\/div><\/div><div id=\"pg-2-3\"  class=\"panel-grid panel-has-style\" ><div class=\"panel-row-style panel-row-style-for-2-3\" ><div id=\"pgc-2-3-0\"  class=\"panel-grid-cell\" ><div id=\"panel-2-3-0-0\" class=\"so-panel widget widget_text panel-first-child panel-last-child\" data-index=\"5\" >\t\t\t<div class=\"textwidget\"><hr>\n<ul>\n<li><strong>DESTAQUES &#8211; EVENTOS<\/strong><\/li>\n<\/ul>\n<\/div>\n\t\t<\/div><\/div><\/div><\/div><div id=\"pg-2-4\"  class=\"panel-grid panel-no-style\" ><div id=\"pgc-2-4-0\"  class=\"panel-grid-cell\" ><div id=\"panel-2-4-0-0\" class=\"so-panel widget widget_media_image panel-first-child panel-last-child\" data-index=\"6\" ><div class=\"panel-widget-style panel-widget-style-for-2-4-0-0\" ><div style=\"width: 310px\" class=\"wp-caption alignnone\"><a href=\"https:\/\/www.flickr.com\/photos\/enaop2017\/collections\/72157681558121802\/\"><img width=\"300\" height=\"200\" src=\"http:\/\/site.ibraop.org.br\/20anos\/wp-content\/uploads\/sites\/8\/2020\/08\/ENAOP-2017-300x200.jpg\" class=\"image wp-image-794  attachment-medium size-medium\" alt=\"\" loading=\"lazy\" style=\"max-width: 100%; height: auto;\" srcset=\"http:\/\/site.ibraop.org.br\/20anos\/wp-content\/uploads\/sites\/8\/2020\/08\/ENAOP-2017-300x200.jpg 300w, http:\/\/site.ibraop.org.br\/20anos\/wp-content\/uploads\/sites\/8\/2020\/08\/ENAOP-2017-272x182.jpg 272w, http:\/\/site.ibraop.org.br\/20anos\/wp-content\/uploads\/sites\/8\/2020\/08\/ENAOP-2017.jpg 640w\" sizes=\"(max-width: 300px) 100vw, 300px\" \/><\/a><p class=\"wp-caption-text\">Enaop 2017<\/p><\/div><\/div><\/div><\/div><div id=\"pgc-2-4-1\"  class=\"panel-grid-cell\" ><div id=\"panel-2-4-1-0\" class=\"so-panel widget widget_media_image panel-first-child panel-last-child\" data-index=\"7\" ><div class=\"panel-widget-style panel-widget-style-for-2-4-1-0\" ><div style=\"width: 310px\" class=\"wp-caption alignnone\"><a href=\"https:\/\/www.flickr.com\/photos\/enaop2017\/collections\/72157675638801638\/\"><img width=\"300\" height=\"199\" src=\"http:\/\/site.ibraop.org.br\/20anos\/wp-content\/uploads\/sites\/8\/2020\/08\/SINAOP-2018-300x199.jpg\" class=\"image wp-image-796  attachment-medium size-medium\" alt=\"\" loading=\"lazy\" style=\"max-width: 100%; height: auto;\" title=\"Enaop 2017\" srcset=\"http:\/\/site.ibraop.org.br\/20anos\/wp-content\/uploads\/sites\/8\/2020\/08\/SINAOP-2018-300x199.jpg 300w, http:\/\/site.ibraop.org.br\/20anos\/wp-content\/uploads\/sites\/8\/2020\/08\/SINAOP-2018-768x509.jpg 768w, http:\/\/site.ibraop.org.br\/20anos\/wp-content\/uploads\/sites\/8\/2020\/08\/SINAOP-2018.jpg 800w\" sizes=\"(max-width: 300px) 100vw, 300px\" \/><\/a><p class=\"wp-caption-text\">Sinaop 2018<\/p><\/div><\/div><\/div><\/div><div id=\"pgc-2-4-2\"  class=\"panel-grid-cell\" ><div id=\"panel-2-4-2-0\" class=\"so-panel widget widget_media_image panel-first-child panel-last-child\" data-index=\"8\" ><div class=\"panel-widget-style panel-widget-style-for-2-4-2-0\" ><div style=\"width: 310px\" class=\"wp-caption alignnone\"><a href=\"https:\/\/www.flickr.com\/photos\/enaop2017\/collections\/72157710825770387\/\"><img width=\"300\" height=\"201\" src=\"http:\/\/site.ibraop.org.br\/20anos\/wp-content\/uploads\/sites\/8\/2020\/08\/ENAOP-2019-300x201.jpg\" class=\"image wp-image-795  attachment-medium size-medium\" alt=\"\" loading=\"lazy\" style=\"max-width: 100%; height: auto;\" title=\"Enaop 2017\" srcset=\"http:\/\/site.ibraop.org.br\/20anos\/wp-content\/uploads\/sites\/8\/2020\/08\/ENAOP-2019-300x201.jpg 300w, http:\/\/site.ibraop.org.br\/20anos\/wp-content\/uploads\/sites\/8\/2020\/08\/ENAOP-2019-768x514.jpg 768w, http:\/\/site.ibraop.org.br\/20anos\/wp-content\/uploads\/sites\/8\/2020\/08\/ENAOP-2019-272x182.jpg 272w, http:\/\/site.ibraop.org.br\/20anos\/wp-content\/uploads\/sites\/8\/2020\/08\/ENAOP-2019.jpg 800w\" sizes=\"(max-width: 300px) 100vw, 300px\" \/><\/a><p class=\"wp-caption-text\">Enaop 2019<\/p><\/div><\/div><\/div><\/div><\/div><\/div>","protected":false},"excerpt":{"rendered":"<p>&nbsp; \ufeff\ufeff\ufeff &nbsp; &nbsp; Em 2020, o Instituto Brasileiro de Auditoria de Obras P\u00fablicas completa 20 anos de funda\u00e7\u00e3o. Diversos materiais e atividades est\u00e3o sendo elaborados e preparados. Entre os meses de julho e novembro, este hotsite ir\u00e1 reunir artigos, entrevistas, mat\u00e9rias jornal\u00edsticas, v\u00eddeos e publica\u00e7\u00f5es que v\u00e3o contar um pouco da hist\u00f3ria do Ibraop para voc\u00ea. As comemora\u00e7\u00f5es se encerram com a realiza\u00e7\u00e3o de [&hellip;]<\/p>\n","protected":false},"author":4985,"featured_media":0,"parent":0,"menu_order":0,"comment_status":"closed","ping_status":"open","template":"home-panels.php","meta":[],"_links":{"self":[{"href":"http:\/\/site.ibraop.org.br\/20anos\/wp-json\/wp\/v2\/pages\/2"}],"collection":[{"href":"http:\/\/site.ibraop.org.br\/20anos\/wp-json\/wp\/v2\/pages"}],"about":[{"href":"http:\/\/site.ibraop.org.br\/20anos\/wp-json\/wp\/v2\/types\/page"}],"author":[{"embeddable":true,"href":"http:\/\/site.ibraop.org.br\/20anos\/wp-json\/wp\/v2\/users\/4985"}],"replies":[{"embeddable":true,"href":"http:\/\/site.ibraop.org.br\/20anos\/wp-json\/wp\/v2\/comments?post=2"}],"version-history":[{"count":325,"href":"http:\/\/site.ibraop.org.br\/20anos\/wp-json\/wp\/v2\/pages\/2\/revisions"}],"predecessor-version":[{"id":2768,"href":"http:\/\/site.ibraop.org.br\/20anos\/wp-json\/wp\/v2\/pages\/2\/revisions\/2768"}],"wp:attachment":[{"href":"http:\/\/site.ibraop.org.br\/20anos\/wp-json\/wp\/v2\/media?parent=2"}],"curies":[{"name":"wp","href":"https:\/\/api.w.org\/{rel}","templated":true}]}}