{"id":538,"date":"2020-08-09T18:35:57","date_gmt":"2020-08-09T21:35:57","guid":{"rendered":"http:\/\/www.ibraop.org.br\/20anos\/?page_id=538"},"modified":"2020-11-10T11:30:55","modified_gmt":"2020-11-10T14:30:55","slug":"artigos","status":"publish","type":"page","link":"http:\/\/site.ibraop.org.br\/20anos\/artigos\/","title":{"rendered":"Artigos"},"content":{"rendered":"<div id=\"pl-538\"  class=\"panel-layout\" ><div id=\"pg-538-0\"  class=\"panel-grid panel-has-style\" ><div class=\"siteorigin-panels-stretch panel-row-style-full-width panel-row-style panel-row-style-for-538-0\" style=\"background-color: #dadada; \" data-stretch-type=\"full\" ><div id=\"pgc-538-0-0\"  class=\"panel-grid-cell\" ><div id=\"panel-538-0-0-0\" class=\"so-panel widget widget_sow-editor panel-first-child panel-last-child\" data-index=\"0\" ><div class=\"so-widget-sow-editor so-widget-sow-editor-base\">\n<div class=\"siteorigin-widget-tinymce textwidget\">\n\t<p class=\"has-text-color\" style=\"font-size: 18px; color: #043d5e;\"><span style=\"color: #000080;\"><strong><span style=\"font-size: 12pt;\">\u2666 <b>O bolo do Rom\u00e1rio<\/b><\/span><\/strong><\/span><\/p>\n<p><!-- \/wp:heading --><!-- wp:paragraph {\"align\":\"right\",\"style\":{\"typography\":{\"fontSize\":12}}} --><\/p>\n<p><span style=\"font-size: 8pt;\">\u00a0(*) Paula Palma Fontes e Janayna Cajueiro<\/span><\/p>\n<p><!-- \/wp:paragraph --><!-- wp:paragraph {\"style\":{\"typography\":{\"fontSize\":14}}} --><\/p>\n<p style=\"text-align: justify;\"><span style=\"font-size: 10pt;\">Local, data, apoio, patroc\u00ednio, programa\u00e7\u00e3o, palestrantes, debatedores, pe\u00e7as gr\u00e1ficas, divulga\u00e7\u00e3o, brindes, voos, hot\u00e9is, translado. Organizar um evento n\u00e3o \u00e9 tarefa f\u00e1cil, raz\u00e3o pela qual o ideal \u00e9 sempre iniciar esse trabalho com o m\u00e1ximo de anteced\u00eancia.<\/span><\/p>\n<p style=\"text-align: justify;\"><span style=\"font-size: 10pt;\">Com os eventos do Instituto Brasileiro de Auditoria de Obras P\u00fablicas (Ibraop) n\u00e3o seria diferente. Geralmente, um ano antes, a Diretoria Executiva come\u00e7a a buscar o apoio de Tribunais de Contas que queiram sediar o Encontro T\u00e9cnico (Enaop) ou o Simp\u00f3sio Nacional de Auditoria de Obras P\u00fablicas (Sinaop) para que nada passe despercebido. Mas o ideal, como bem sabemos, nem sempre acontece.\u00a0<\/span> <span style=\"font-size: 10pt;\"> (<\/span><a style=\"font-size: 10pt;\" href=\"\/wp-content\/uploads\/sites\/8\/2020\/11\/artigo-bolo-de-romario-1.pdf\" target=\"_blank\" rel=\"noopener noreferrer\">Leia +<\/a><span style=\"font-size: 10pt;\">)<\/span><\/p>\n<p><!-- \/wp:paragraph --><\/p>\n<\/div>\n<\/div><\/div><\/div><div id=\"pgc-538-0-1\"  class=\"panel-grid-cell\" ><div id=\"panel-538-0-1-0\" class=\"so-panel widget widget_sow-editor panel-first-child panel-last-child\" data-index=\"1\" ><div class=\"so-widget-sow-editor so-widget-sow-editor-base\">\n<div class=\"siteorigin-widget-tinymce textwidget\">\n\t<p class=\"has-text-color\" style=\"font-size: 18px; color: #043d5e;\"><span style=\"color: #000080;\"><strong><span style=\"font-size: 12pt;\">\u2666 <\/span><\/strong><span style=\"font-size: 12pt;\"><strong>Filia\u00e7\u00f5es de Tribunais de Contas ao Ibraop<br \/>\n20 Anos do Ibraop\u00a0<\/strong><\/span><\/span><\/p>\n<p><!-- \/wp:heading --><!-- wp:paragraph {\"align\":\"right\",\"style\":{\"typography\":{\"fontSize\":12}}} --><\/p>\n<p><span style=\"font-size: 8pt;\">\u00a0(*) Pedro Jorge Rocha de Oliveira<br \/>\n(**) Anderson Uliana Rolim<\/span><\/p>\n<p><!-- \/wp:paragraph --><!-- wp:paragraph {\"style\":{\"typography\":{\"fontSize\":14}}} --><\/p>\n<p style=\"text-align: justify;\"><span style=\"font-size: 10pt;\">Uma das principais a\u00e7\u00f5es que alavancaram a atua\u00e7\u00e3o do Instituto foi o estabelecimento de filia\u00e7\u00f5es dos Tribunais de Contas ao Ibraop, que al\u00e9m de demonstrar a aceita\u00e7\u00e3o e credibilidade dos trabalhos desenvolvidos em prol das obras p\u00fablicas, faz com que haja o apoio dessas institui\u00e7\u00f5es, o maior envolvimento de profissionais em colabora\u00e7\u00e3o com as a\u00e7\u00f5es do Instituto.<\/span><\/p>\n<p style=\"text-align: justify;\"><span style=\"font-size: 10pt;\">Em outras palavras, a filia\u00e7\u00e3o dos Tribunais de Contas ao Ibraop visa desenvolver a\u00e7\u00f5es voltadas ao aprimoramento da gest\u00e3o e do controle de obras p\u00fablicas no Brasil, bem como para uniformiza\u00e7\u00e3o de entendimentos por meio da elabora\u00e7\u00e3o de Orienta\u00e7\u00f5es T\u00e9cnicas, Procedimentos de Auditoria de Obras P\u00fablicas, realiza\u00e7\u00e3o e reuni\u00f5es t\u00e9cnicas, cursos, capacita\u00e7\u00f5es e eventos t\u00e9cnicos na \u00e1rea de Auditoria de Obras P\u00fablicas, entre outros.\u00a0<\/span><span style=\"font-size: 10pt;\"> (<\/span><a style=\"font-size: 10pt;\" href=\"\/wp-content\/uploads\/sites\/8\/2020\/10\/artigo-filiacoes-tcs-Ibraop.pdf\">Leia +<\/a><span style=\"font-size: 10pt;\">)<\/span><\/p>\n<p><!-- \/wp:paragraph --><\/p>\n<\/div>\n<\/div><\/div><\/div><\/div><\/div><div id=\"pg-538-1\"  class=\"panel-grid panel-no-style\" ><div id=\"pgc-538-1-0\"  class=\"panel-grid-cell\" ><div id=\"panel-538-1-0-0\" class=\"so-panel widget widget_sow-editor panel-first-child panel-last-child\" data-index=\"2\" ><div class=\"so-widget-sow-editor so-widget-sow-editor-base\">\n<div class=\"siteorigin-widget-tinymce textwidget\">\n\t<p class=\"has-text-color\" style=\"font-size: 18px; color: #043d5e;\"><strong><span style=\"font-size: 12pt;\"><span style=\"color: #000c54;\">\u2666 Ibraop: Seus Nomes e Codinomes<\/span><\/span><\/strong><\/p>\n<p><!-- \/wp:heading --><!-- wp:paragraph {\"align\":\"right\",\"style\":{\"typography\":{\"fontSize\":12}}} --><\/p>\n<p class=\"has-text-align-right\" style=\"font-size: 12px;\"><span style=\"font-size: 8pt;\">(*) <\/span><span style=\"font-size: 8pt;\">Dimas Sousa Gomes<\/span><\/p>\n<p><!-- \/wp:paragraph --><!-- wp:paragraph {\"style\":{\"typography\":{\"fontSize\":14}}} --><\/p>\n<p style=\"text-align: justify;\"><span style=\"font-size: 10pt;\">Uma das dificuldades enfrentadas pelo IBRAOP nestes 20 anos de sua exist\u00eancia \u00e9 tornar conhecido o significado da sua sigla, realmente emblem\u00e1tica. Em um pa\u00eds em que a religi\u00e3o influencia a vida de muitas pessoas alguns chegam a pensar que esta sigla se refere \u00e0 <strong>I<\/strong>greja <strong>B<\/strong>atista do <strong>R<\/strong>esgate <strong>\u00c0<\/strong>s <strong>O<\/strong>velhas <strong>P<\/strong>erdidas !<\/span><\/p>\n<p style=\"text-align: justify;\"><span style=\"font-size: 10pt;\">Esta congrega\u00e7\u00e3o (!) de profissionais de Engenharia, Arquitetura e Urbanismo, formada por alem\u00e3es (Heinz) e brasileiros das diversas regi\u00f5es do pa\u00eds, quer seja nos dias da semana ou nos Domingos(MS), ao longo destes 20 anos vem promovendo o estudo e o debate das quest\u00f5es relacionadas \u00e0s metodologias, crit\u00e9rios, t\u00e9cnicas e procedimentos que visem ao aprimoramento da Auditoria de Engenharia como forma de prestar apoio t\u00e9cnico aos Tribunais de Contas e aos \u00f3rg\u00e3os integrantes dos Sistemas de Controle Interno.\u00a0<\/span><span style=\"font-size: 10pt;\"> (<\/span><a style=\"font-size: 10pt;\" href=\"\/wp-content\/uploads\/sites\/8\/2020\/10\/1ArtigoIbraopSeusCodinomes.pdf\" target=\"_blank\" rel=\"noopener noreferrer\">Leia +<\/a><span style=\"font-size: 10pt;\">)<\/span><\/p>\n<p><!-- \/wp:paragraph --><\/p>\n<\/div>\n<\/div><\/div><\/div><div id=\"pgc-538-1-1\"  class=\"panel-grid-cell\" ><div id=\"panel-538-1-1-0\" class=\"so-panel widget widget_sow-editor panel-first-child panel-last-child\" data-index=\"3\" ><div class=\"so-widget-sow-editor so-widget-sow-editor-base\">\n<div class=\"siteorigin-widget-tinymce textwidget\">\n\t<p class=\"has-text-color\" style=\"font-size: 18px; color: #043d5e;\"><strong><span style=\"font-size: 12pt;\"><span style=\"color: #000c54;\">\u2666 <\/span><\/span><\/strong><span style=\"font-size: 12pt;\"><strong>Procedimentos de Auditoria de Obras P\u00fablicas<\/strong><\/span><\/p>\n<p><!-- \/wp:heading --><!-- wp:paragraph {\"align\":\"right\",\"style\":{\"typography\":{\"fontSize\":12}}} --><\/p>\n<p class=\"has-text-align-right\" style=\"font-size: 12px;\"><span style=\"font-size: 8pt;\">(*) Adriana Portugal, \u00a0Alysson Mattje e Anderson Rolim<\/span><\/p>\n<p><!-- \/wp:paragraph --><!-- wp:paragraph {\"style\":{\"typography\":{\"fontSize\":14}}} --><\/p>\n<p style=\"text-align: justify;\"><span style=\"font-size: 10pt;\">Na linha das atividades realizadas pelo Ibraop desde a sua cria\u00e7\u00e3o com as bem sucedidas orienta\u00e7\u00f5es t\u00e9cnicas, a ideia de elaborar procedimentos de auditoria de obras p\u00fablicas pareceu bem natural. De 2012, no ENAOP de Palmas\/TO, a 2013, no SINAOP de Vit\u00f3ria\/ES, essa proposta foi se fortalecendo entre o Ibraop, o IRB e a Atricon, sendo delineado o grande objetivo de uniformizar a forma como uma auditoria de obras p\u00fablicas deveria se dar.<\/span><\/p>\n<p style=\"text-align: justify;\"><span style=\"font-size: 10pt;\"><br \/>\nO projeto, ent\u00e3o, foi nomeado: \u201cUniformiza\u00e7\u00e3o de Procedimentos de Auditoria de Obras P\u00fablicas\u201d. Nome comprido e, portanto, bem proporcional ao seu prop\u00f3sito e dificuldade de implementa\u00e7\u00e3o. \u00c0quela altura, ficou claro que seria um longo caminho, mas, com a coragem t\u00edpica dos ibraopianos, o compromisso foi aceito e logo materializado. (<a href=\"\/wp-content\/uploads\/sites\/8\/2020\/09\/ArtigoProcedimentos.pdf\" target=\"_blank\" rel=\"noopener noreferrer\">Leia +<\/a>)<\/span><\/p>\n<p><!-- \/wp:paragraph --><\/p>\n<\/div>\n<\/div><\/div><\/div><\/div><div id=\"pg-538-2\"  class=\"panel-grid panel-has-style\" ><div class=\"siteorigin-panels-stretch panel-row-style-full-width panel-row-style panel-row-style-for-538-2\" style=\"background-color: #dadada; \" data-stretch-type=\"full\" ><div id=\"pgc-538-2-0\"  class=\"panel-grid-cell\" ><div id=\"panel-538-2-0-0\" class=\"so-panel widget widget_sow-editor panel-first-child panel-last-child\" data-index=\"4\" ><div class=\"so-widget-sow-editor so-widget-sow-editor-base\">\n<div class=\"siteorigin-widget-tinymce textwidget\">\n\t<p class=\"has-text-color\" style=\"font-size: 18px; color: #043d5e;\"><strong><span style=\"font-size: 12pt;\"><span style=\"color: #000c54;\">\u2666 <\/span><\/span><\/strong><span style=\"font-size: 12pt;\"><strong>Contextualiza\u00e7\u00e3o dos Projetos de Servi\u00e7o de Limpeza Urbana e Manejo de Res\u00edduos S\u00f3lidos por Meio da Orienta\u00e7\u00e3o T\u00e9cnica OT-IBR 007\/2018 e de Procedimentos de Auditoria\u00a0<\/strong><\/span><\/p>\n<p><!-- \/wp:heading --><!-- wp:paragraph {\"align\":\"right\",\"style\":{\"typography\":{\"fontSize\":12}}} --><\/p>\n<p class=\"has-text-align-right\" style=\"font-size: 12px;\"><span style=\"font-size: 8pt;\">(*) Fernando Celso Morini<\/span><br \/>\n<span style=\"font-size: 8pt;\">(**) Fernando D. Bernardes<\/span><\/p>\n<p><!-- \/wp:paragraph --><!-- wp:paragraph {\"style\":{\"typography\":{\"fontSize\":14}}} --><\/p>\n<p><span style=\"font-size: 10pt;\">Em mar\u00e7o de 2017, durante Reuni\u00e3o do Conselho Deliberativo do Ibraop, discutiu-se a ideia de se implementar um Grupo de Trabalho para elabora\u00e7\u00e3o de Procedimentos de Auditoria para contrata\u00e7\u00e3o e execu\u00e7\u00e3o dos servi\u00e7os cujo objeto fossem os res\u00edduos s\u00f3lidos urbanos (RSU) gerados nas cidades brasileiras, nos mesmos moldes em que o Ibraop j\u00e1 realizava para as Obras de Edifica\u00e7\u00e3o e Obras Rodovi\u00e1rias. O tema era bastante desafiador, pois n\u00e3o existia naquela \u00e9poca procedimentos e orienta\u00e7\u00f5es para verifica\u00e7\u00e3o de dimensionamentos e forma\u00e7\u00e3o de pre\u00e7os dos servi\u00e7os do setor.<\/span><span style=\"font-size: 10pt;\">\u00a0<\/span> <a style=\"font-size: 10pt;\" href=\"\/wp-content\/uploads\/sites\/8\/2020\/09\/ArtigoSistemaRSU.pdf\" target=\"_blank\" rel=\"noopener noreferrer\">(Leia +)<\/a><\/p>\n<p><!-- \/wp:paragraph --><\/p>\n<\/div>\n<\/div><\/div><\/div><div id=\"pgc-538-2-1\"  class=\"panel-grid-cell\" ><div id=\"panel-538-2-1-0\" class=\"so-panel widget widget_sow-editor panel-first-child panel-last-child\" data-index=\"5\" ><div class=\"so-widget-sow-editor so-widget-sow-editor-base\">\n<div class=\"siteorigin-widget-tinymce textwidget\">\n\t<p class=\"has-text-color\" style=\"font-size: 18px; color: #043d5e;\"><strong><span style=\"font-size: 12pt;\"><span style=\"color: #000c54;\">\u2666 <\/span><\/span><\/strong><span style=\"font-size: 12pt;\"><strong>Sistema Nacional de Controle de Obras P\u00fablicas - 20 Anos do Ibraop<\/strong><\/span><\/p>\n<p><!-- \/wp:heading --><!-- wp:paragraph {\"align\":\"right\",\"style\":{\"typography\":{\"fontSize\":12}}} --><\/p>\n<p class=\"has-text-align-right\" style=\"font-size: 12px;\"><span style=\"font-size: 8pt;\">(*) Guilherme Bride Fernandes<\/span><br \/>\n<span style=\"font-size: 8pt;\">(**) Wallace da Silva Pereira<\/span><\/p>\n<p><!-- \/wp:paragraph --><!-- wp:paragraph {\"style\":{\"typography\":{\"fontSize\":14}}} --><\/p>\n<p style=\"text-align: justify;\"><span style=\"font-size: 10pt;\">No anivers\u00e1rio de 20 anos do IBRAOP \u00e9 importante contar uma hist\u00f3ria quase t\u00e3o antiga quanto o pr\u00f3prio instituto. Pois a ideia do desenvolvimento de um sistema nacional de controle externo que congregasse as informa\u00e7\u00f5es de todas as obras do pa\u00eds surgiu em 2003, mais precisamente em um Encontro T\u00e9cnico realizado no Tribunal de Contas do Estado do Rio Grande do Sul.<\/span><\/p>\n<p style=\"text-align: justify;\"><span style=\"font-size: 10pt;\">Por\u00e9m, o projeto s\u00f3 teve in\u00edcio de fato dez anos mais tarde, quando o IBRAOP j\u00e1 estava consolidado.\u00a0<\/span> <a style=\"font-size: 10pt;\" href=\"\/wp-content\/uploads\/sites\/8\/2020\/09\/Artigo_SistemaNacOP.pdf\" target=\"_blank\" rel=\"noopener noreferrer\">(Leia +)<\/a><\/p>\n<p><!-- \/wp:paragraph --><\/p>\n<\/div>\n<\/div><\/div><\/div><\/div><\/div><div id=\"pg-538-3\"  class=\"panel-grid panel-no-style\" ><div id=\"pgc-538-3-0\"  class=\"panel-grid-cell\" ><div id=\"panel-538-3-0-0\" class=\"so-panel widget widget_sow-editor panel-first-child panel-last-child\" data-index=\"6\" ><div class=\"so-widget-sow-editor so-widget-sow-editor-base\">\n<div class=\"siteorigin-widget-tinymce textwidget\">\n\t<p class=\"has-text-color\" style=\"font-size: 18px; color: #043d5e;\"><strong><span style=\"font-size: 12pt;\"><span style=\"color: #000c54;\">\u2666<\/span> Parceria Ibraop e Atricon: Contribui\u00e7\u00f5es para o MMD-TC<\/span><\/strong><\/p>\n<p><!-- \/wp:heading --><!-- wp:paragraph {\"align\":\"right\",\"style\":{\"typography\":{\"fontSize\":12}}} --><\/p>\n<p class=\"has-text-align-right\" style=\"font-size: 12px;\"><span style=\"font-size: 8pt;\">(*) Narda Consuelo Neiva Silva<\/span><br \/>\n<span style=\"font-size: 8pt;\">(**) Pedro Jorge Rocha de Oliveira<\/span><\/p>\n<p><!-- \/wp:paragraph --><!-- wp:paragraph {\"style\":{\"typography\":{\"fontSize\":14}}} --><\/p>\n<p dir=\"ltr\"><span style=\"font-size: 10pt;\">O Instituto Brasileiro de Auditoria de Obras P\u00fablicas \u2013 Ibraop ao longo dos vinte anos de exist\u00eancia desenvolveu diversas a\u00e7\u00f5es de apoio t\u00e9cnico ao Controle Externo Brasileiro em cumprimento aos seus objetivos estatut\u00e1rios.\u00a0\u00a0<\/span><\/p>\n<p dir=\"ltr\"><span style=\"font-size: 10pt;\">Ao longo desse per\u00edodo, a maioria das a\u00e7\u00f5es foi realizada com apoio de entidades parceiras que, como o Ibraop, pautam suas a\u00e7\u00f5es em parceria, representatividade e legitimidade. Os trabalhos t\u00e9cnicos desenvolvidos sempre resultaram de constru\u00e7\u00e3o coletiva e tiveram a participa\u00e7\u00e3o de auditores e t\u00e9cnicos de diversos Tribunais de Contas das regi\u00f5es do Brasil, que atuam no controle externo de obras p\u00fablicas.<\/span>\u00a0 <a style=\"font-size: 10pt;\" href=\"\/wp-content\/uploads\/sites\/8\/2020\/09\/parceria-Ibraop-Atricon.pdf\" target=\"_blank\" rel=\"noopener noreferrer\">(Leia +)<\/a><\/p>\n<p><!-- \/wp:paragraph --><\/p>\n<\/div>\n<\/div><\/div><\/div><div id=\"pgc-538-3-1\"  class=\"panel-grid-cell\" ><div id=\"panel-538-3-1-0\" class=\"so-panel widget widget_sow-editor panel-first-child panel-last-child\" data-index=\"7\" ><div class=\"so-widget-sow-editor so-widget-sow-editor-base\">\n<div class=\"siteorigin-widget-tinymce textwidget\">\n\t<p class=\"has-text-color\" style=\"font-size: 18px; color: #043d5e;\"><strong><span style=\"font-size: 12pt;\"><span style=\"color: #000c54;\">\u2666<\/span> <span style=\"color: #000c54;\">Uniformiza\u00e7\u00e3o do conceito de Projeto B\u00e1sico por meio da OT-IBR 001\/2006<\/span><\/span><\/strong><\/p>\n<p><!-- \/wp:heading --><!-- wp:paragraph {\"align\":\"right\",\"style\":{\"typography\":{\"fontSize\":12}}} --><\/p>\n<p class=\"has-text-align-right\" style=\"font-size: 12px;\"><span style=\"font-size: 8pt;\">(*) Pedro Paulo Piovesan de Farias<\/span><br \/>\n<span style=\"font-size: 8pt;\">(**) Pedro Jorge Rocha de Oliveira<\/span><\/p>\n<p><!-- \/wp:paragraph --><!-- wp:paragraph {\"style\":{\"typography\":{\"fontSize\":14}}} --><\/p>\n<p style=\"text-align: justify;\"><span style=\"font-size: 10pt;\">Neste ano da comemora\u00e7\u00e3o dos 20 anos do Ibraop, \u00e9 importante destacar um significativo marco dessas duas d\u00e9cadas que foi a edi\u00e7\u00e3o da primeira Orienta\u00e7\u00e3o T\u00e9cnica do Instituto, cujo objetivo visa uniformizar o entendimento quanto \u00e0 defini\u00e7\u00e3o de Projeto B\u00e1sico especificada inicialmente na Lei Federal n. 8.666\/93.<\/span><\/p>\n<p><span style=\"font-size: 14pt;\"><!-- \/wp:paragraph --><!-- wp:paragraph {\"style\":{\"typography\":{\"fontSize\":14}}} --><\/span><\/p>\n<p style=\"text-align: justify;\"><span style=\"font-size: 10pt;\">O ano era 2004, o Ibraop ainda n\u00e3o completara quatro anos de exist\u00eancia, e o instituto dava seus primeiros passos para congregar engenheiros e arquitetos das diversas institui\u00e7\u00f5es de controle. Suas a\u00e7\u00f5es estavam centradas em realizar eventos nos Tribunais de Contas para discutir temas relacionados ao controle das obras p\u00fablicas.\u00a0<a href=\"\/wp-content\/uploads\/sites\/8\/2020\/09\/Artigo-OT-IBR-001-20062.pdf\" target=\"_blank\" rel=\"noopener noreferrer\">(Leia +)<\/a><\/span><\/p>\n<p><!-- \/wp:paragraph --><\/p>\n<\/div>\n<\/div><\/div><\/div><\/div><\/div>","protected":false},"excerpt":{"rendered":"<p>\u2666 O bolo do Rom\u00e1rio \u00a0(*) Paula Palma Fontes e Janayna Cajueiro Local, data, apoio, patroc\u00ednio, programa\u00e7\u00e3o, palestrantes, debatedores, pe\u00e7as gr\u00e1ficas, divulga\u00e7\u00e3o, brindes, voos, hot\u00e9is, translado. Organizar um evento n\u00e3o \u00e9 tarefa f\u00e1cil, raz\u00e3o pela qual o ideal \u00e9 sempre iniciar esse trabalho com o m\u00e1ximo de anteced\u00eancia. Com os eventos do Instituto Brasileiro de Auditoria de Obras P\u00fablicas (Ibraop) n\u00e3o seria diferente. Geralmente, um [&hellip;]<\/p>\n","protected":false},"author":4985,"featured_media":0,"parent":0,"menu_order":0,"comment_status":"closed","ping_status":"closed","template":"","meta":[],"_links":{"self":[{"href":"http:\/\/site.ibraop.org.br\/20anos\/wp-json\/wp\/v2\/pages\/538"}],"collection":[{"href":"http:\/\/site.ibraop.org.br\/20anos\/wp-json\/wp\/v2\/pages"}],"about":[{"href":"http:\/\/site.ibraop.org.br\/20anos\/wp-json\/wp\/v2\/types\/page"}],"author":[{"embeddable":true,"href":"http:\/\/site.ibraop.org.br\/20anos\/wp-json\/wp\/v2\/users\/4985"}],"replies":[{"embeddable":true,"href":"http:\/\/site.ibraop.org.br\/20anos\/wp-json\/wp\/v2\/comments?post=538"}],"version-history":[{"count":71,"href":"http:\/\/site.ibraop.org.br\/20anos\/wp-json\/wp\/v2\/pages\/538\/revisions"}],"predecessor-version":[{"id":2606,"href":"http:\/\/site.ibraop.org.br\/20anos\/wp-json\/wp\/v2\/pages\/538\/revisions\/2606"}],"wp:attachment":[{"href":"http:\/\/site.ibraop.org.br\/20anos\/wp-json\/wp\/v2\/media?parent=538"}],"curies":[{"name":"wp","href":"https:\/\/api.w.org\/{rel}","templated":true}]}}