{"id":65,"date":"2020-08-03T15:28:13","date_gmt":"2020-08-03T18:28:13","guid":{"rendered":"http:\/\/www.ibraop.org.br\/20anos\/?page_id=65"},"modified":"2020-12-03T14:31:34","modified_gmt":"2020-12-03T17:31:34","slug":"programacao","status":"publish","type":"page","link":"http:\/\/site.ibraop.org.br\/20anos\/programacao\/","title":{"rendered":"Programa\u00e7\u00e3o dos Eventos On-line"},"content":{"rendered":"<div id=\"pl-65\"  class=\"panel-layout\" ><div id=\"pg-65-0\"  class=\"panel-grid panel-no-style\" ><div id=\"pgc-65-0-0\"  class=\"panel-grid-cell\" ><div id=\"panel-65-0-0-0\" class=\"so-panel widget widget_sow-editor panel-first-child panel-last-child\" data-index=\"0\" ><div class=\"so-widget-sow-editor so-widget-sow-editor-base\">\n<div class=\"siteorigin-widget-tinymce textwidget\">\n\t<p><!-- wp:paragraph {\"textColor\":\"vivid-cyan-blue\"} --><\/p>\n<table style=\"width: 60%; border-collapse: collapse;\" border=\"0\" cellspacing=\"5\" cellpadding=\"5\">\n<tbody>\n<tr style=\"height: 65px;\">\n<td style=\"width: 80.5434%;\" colspan=\"3\">\n<h3><span style=\"color: #000c54; font-size: 14pt;\"><strong>Programa\u00e7\u00e3o dos Eventos On-line<\/strong><\/span><\/h3>\n<\/td>\n<\/tr>\n<tr style=\"height: 24px;\">\n<td style=\"width: 80.5434%;\" colspan=\"3\"><span style=\"font-size: 12pt; color: #3366ff;\"><strong>SEMIN\u00c1RIO T\u00c9CNICO 20 ANOS<\/strong><\/span><\/td>\n<\/tr>\n<tr>\n<td style=\"width: 80.5434%; text-align: right;\" colspan=\"3\">\n<h2><a href=\"https:\/\/www.ibraop.org.br\/blog\/2020\/12\/03\/20-anos-ibraop\/\"><span style=\"color: #3366ff;\"><strong>\u00bbAcervo<\/strong><\/span><\/a><\/h2>\n<\/td>\n<\/tr>\n<tr style=\"height: 24px;\">\n<td style=\"width: 6.5463%; height: 24px;\"><\/td>\n<td style=\"width: 73.9971%; height: 24px;\" colspan=\"2\"><span style=\"color: #ff0000;\">\u2666\ufe0f<\/span> Dia <strong>23 de novembro<\/strong> de 2020<\/td>\n<\/tr>\n<tr style=\"height: 72px;\">\n<td style=\"width: 6.5463%; height: 72px;\"><\/td>\n<td style=\"width: 6.80966%; height: 72px;\"><\/td>\n<td style=\"width: 67.1874%; height: 72px; background-color: #f9f9f9;\">de 16h \u00e0s 18h:<br \/>\n<strong>Assembleia Geral do Ibraop<\/strong>, apenas para Membros Associados, Diretoria Executiva, Conselho Deliberativo e Conselho Fiscal<\/td>\n<\/tr>\n<tr style=\"height: 48px;\">\n<td style=\"width: 6.5463%; height: 48px;\"><\/td>\n<td style=\"width: 6.80966%; height: 48px;\"><\/td>\n<td style=\"width: 67.1874%; height: 48px;\">de 18h30 \u00e0s 20h<br \/>\n<strong>Comemora\u00e7\u00e3o dos 20 anos do Ibraop<\/strong><\/td>\n<\/tr>\n<tr style=\"height: 72px;\">\n<td style=\"width: 6.5463%; height: 72px;\"><\/td>\n<td style=\"width: 6.80966%; height: 72px;\"><\/td>\n<td style=\"width: 67.1874%; height: 72px;\">Palavra do Presidente<br \/>\nPalavra dos convidados<br \/>\nHomenagens<\/td>\n<\/tr>\n<tr>\n<td style=\"width: 6.5463%;\"><\/td>\n<td style=\"width: 6.80966%;\"><\/td>\n<td style=\"width: 67.1874%;\"><strong>Apresenta\u00e7\u00e3o do Novo Site e V\u00eddeo Institucional do Ibraop<\/strong><\/td>\n<\/tr>\n<tr style=\"height: 24px;\">\n<td style=\"width: 6.5463%; height: 24px;\"><\/td>\n<td style=\"width: 6.80966%; height: 24px;\"><\/td>\n<td style=\"width: 67.1874%; height: 24px; background-color: #f9f9f9;\"><span style=\"text-decoration: underline;\">Palestra 01<\/span>\u00a0- <span style=\"text-decoration: underline;\"><strong>Nova OT IBR 008\/2020 - Projeto Executivo<\/strong><\/span><\/td>\n<\/tr>\n<tr>\n<td style=\"width: 6.5463%;\"><\/td>\n<td style=\"width: 6.80966%;\"><\/td>\n<td style=\"width: 67.1874%; background-color: #f9f9f9;\"><b>Mediador:<\/b>\u00a0Presidente do Ibraop, Anderson Uliana Rolim (TCE-ES)<\/p>\n<p><b>Palestrantes\/Debatedores:<\/b><\/p>\n<p>- Diretor T\u00e9cnico do Ibraop, Pedro Jorge R. de Oliveira (TCE-SC)<\/p>\n<\/td>\n<\/tr>\n<tr style=\"height: 24px;\">\n<td style=\"width: 6.5463%; height: 24px;\"><\/td>\n<td style=\"width: 73.9971%; height: 24px;\" colspan=\"2\"><span style=\"color: #ff0000;\">\u2666\ufe0f<\/span> Dia<strong> 24 de novembro<\/strong> de 2020<\/td>\n<\/tr>\n<tr style=\"height: 24px;\">\n<td style=\"width: 6.5463%; height: 24px;\"><\/td>\n<td style=\"width: 6.80966%; height: 24px;\"><\/td>\n<td style=\"width: 67.1874%; height: 24px;\"><span style=\"text-decoration: underline;\">Painel 01 <\/span>\u00a0\u2013 <span style=\"text-decoration: underline;\">15h \u00e0s 16h30<\/span><br \/>\n<span style=\"text-decoration: underline;\"><strong>Consequ\u00eancias da Pandemia da Covid-19 nos contratos administrativos<\/strong><\/span><\/td>\n<\/tr>\n<tr>\n<td style=\"width: 6.5463%;\"><\/td>\n<td style=\"width: 6.80966%;\"><\/td>\n<td style=\"width: 67.1874%;\"><b>Mediador:<\/b> Diretor Administrativo do Ibraop, Guilherme Bride Fernandes (TCE-ES)<\/p>\n<p><b>Palestrantes\/Debatedores:<\/b><\/p>\n<p>- Auditor Federal de Controle Externo, Nivaldo Dias Filho (TCU)<\/p>\n<p>- Auditor de Controle Externo, Ronan Alves Costa (TCE-RJ)<\/p>\n<p>- Auditora de Controle Externo, \u00c9ricka da Silva C\u00e2ndido (TCM-GO)<\/p>\n<\/td>\n<\/tr>\n<tr>\n<td style=\"width: 6.5463%;\"><\/td>\n<td style=\"width: 6.80966%;\"><\/td>\n<td style=\"width: 67.1874%; background-color: #f9f9f9;\"><span style=\"text-decoration: underline;\">16h30 \u00e0s 16h45<br \/>\n<strong>Networking sobre o Tema<\/strong> (Inscri\u00e7\u00e3o Obrigat\u00f3ria)<br \/>\n<\/span><\/td>\n<\/tr>\n<tr>\n<td style=\"width: 6.5463%;\"><\/td>\n<td style=\"width: 6.80966%;\"><\/td>\n<td style=\"width: 67.1874%;\"><span style=\"text-decoration: underline;\">Palestra 02\u00a0<\/span> \u2013 <span style=\"text-decoration: underline;\">16h55 \u00e0s 17h35<br \/>\n<strong>A Ind\u00fastria dos Claims nos Contratos de Obras P\u00fablicas<\/strong><\/span><\/td>\n<\/tr>\n<tr>\n<td style=\"width: 6.5463%;\"><\/td>\n<td style=\"width: 6.80966%;\"><\/td>\n<td style=\"width: 67.1874%;\"><b>Mediador:<\/b> Associado Fundador do Ibraop, Andr\u00e9 Luiz Mendes (TCU)<\/p>\n<p><b>Palestrante: <\/b>Secret\u00e1rio de Opera\u00e7\u00f5es Especiais em Infraestrutura e Auditor Federal de Controle Externo,\u00a0\u00a0Rafael Di Bello (TCU)<\/p>\n<\/td>\n<\/tr>\n<tr>\n<td style=\"width: 6.5463%;\"><\/td>\n<td style=\"width: 6.80966%;\"><\/td>\n<td style=\"width: 67.1874%; background-color: #f9f9f9;\"><span style=\"text-decoration: underline;\">Palestra 03<\/span>\u00a0 \u2013<span style=\"text-decoration: underline;\"> 17h45 \u00e0s 18h30<br \/>\n<strong>Import\u00e2ncia da Manuten\u00e7\u00e3o e Conserva\u00e7\u00e3o das Constru\u00e7\u00f5es e da Infraestrutura Nacional<\/strong><\/span><\/td>\n<\/tr>\n<tr>\n<td style=\"width: 6.5463%;\"><\/td>\n<td style=\"width: 6.80966%;\"><\/td>\n<td style=\"width: 67.1874%; background-color: #f9f9f9;\"><b>Mediadora:\u00a0<\/b>Vice-Presidente do Ibraop, Narda Consuelo Neiva Silva (TCE-MT)<\/p>\n<p><b>Palestrantes\/Debatedores:\u00a0<\/b><\/p>\n<p>- Assessor de Controle Externo, Ricardo Ferreira Santos (TCM-SP)<\/p>\n<p>- Auditor P\u00fablico Externo, Paulo Ricardo Rodrigues Pinto (TCE-RS)<\/p>\n<\/td>\n<\/tr>\n<tr>\n<td style=\"width: 6.5463%;\"><\/td>\n<td style=\"width: 73.9971%;\" colspan=\"2\"><span style=\"color: #ff0000;\">\u2666\ufe0f<\/span> Dia<strong> 25 de novembro<\/strong> de 2020<span style=\"text-decoration: underline;\"><br \/>\n<\/span><\/td>\n<\/tr>\n<tr>\n<td style=\"width: 6.5463%;\"><\/td>\n<td style=\"width: 6.80966%;\"><\/td>\n<td style=\"width: 67.1874%;\"><span style=\"text-decoration: underline;\">Painel 02\u00a0<\/span> \u2013<span style=\"text-decoration: underline;\"> 15h \u00e0s 16h45<br \/>\n<strong>Novo Marco Legal do Saneamento B\u00e1sico<\/strong><\/span><\/td>\n<\/tr>\n<tr>\n<td style=\"width: 6.5463%;\"><\/td>\n<td style=\"width: 6.80966%;\"><\/td>\n<td style=\"width: 67.1874%;\"><b>Mediador:\u00a0<\/b>Diretor T\u00e9cnico do Ibraop, Pedro Jorge R. de Oliveira (TCE-SC)<\/p>\n<p><b>Palestrantes\/Debatedores: <\/b><\/p>\n<p>- Coordenador de Obras e Servi\u00e7os de Engenharia, Rog\u00e9rio Loch (TCE-SC)<\/p>\n<p>- Diretor da ARES-PCJ, representando a ABAR, Carlos Roberto Oliveira<\/p>\n<p>- Diretor Executivo da ABCON\/SINDICON, Percy Baptista Soares Neto<\/p>\n<p>- Secret\u00e1rio<span style=\"font-family: inherit; font-size: inherit;\"> Seinfra Urbana, Bruno Martinello Lima (TCU)<\/span><\/p>\n<p>- Consultor Jur\u00eddico da ASSEMAE, Ivo Teixeira Gico Jr.<\/p>\n<\/td>\n<\/tr>\n<tr>\n<td style=\"width: 6.5463%;\"><\/td>\n<td style=\"width: 6.80966%;\"><\/td>\n<td style=\"width: 67.1874%; background-color: #f9f9f9;\"><span style=\"text-decoration: underline;\">Painel 03<\/span>\u00a0 \u2013 <span style=\"text-decoration: underline;\">16h45 \u00e0s 17h45<br \/>\n<strong>Res\u00edduos S\u00f3lidos Urbanos e o Novo Marco Legal do Saneamento<\/strong><\/span><\/td>\n<\/tr>\n<tr>\n<td style=\"width: 6.5463%;\"><\/td>\n<td style=\"width: 6.80966%;\"><\/td>\n<td style=\"width: 67.1874%; background-color: #f9f9f9;\"><b>Mediador:\u00a0<\/b>Diretor Financeiro do Ibraop, Alysson Mattje (TCE-SC)<\/p>\n<p><b>Palestrantes\/Debatedores:<\/b><\/p>\n<p>- Auditor de Controle Externo, Fernando Celso Morini (TCM-SP)<\/p>\n<p>- Coordenador da Consultoria de Projetos Especiais e Meio Ambiente do TCE\/MS, Fernando S. Bernardes (TCE-MS)<\/p>\n<p>- Agir\/Blumenau, Andr\u00e9 Domingos Goetzinger<\/p>\n<\/td>\n<\/tr>\n<tr>\n<td style=\"width: 6.5463%;\"><\/td>\n<td style=\"width: 6.80966%;\"><\/td>\n<td style=\"width: 67.1874%;\"><span style=\"text-decoration: underline;\">17h45 \u00e0s 18h<br \/>\n<strong>Networking sobre o Tema<\/strong> (Inscri\u00e7\u00e3o Obrigat\u00f3ria)<\/span><\/td>\n<\/tr>\n<tr>\n<td style=\"width: 6.5463%;\"><\/td>\n<td style=\"width: 73.9971%;\" colspan=\"2\"><span style=\"color: #ff0000;\">\u2666\ufe0f<\/span> Dia <strong>26 de novembro<\/strong> de 2020<span style=\"text-decoration: underline;\"><br \/>\n<\/span><\/td>\n<\/tr>\n<tr>\n<td style=\"width: 6.5463%;\"><\/td>\n<td style=\"width: 6.80966%;\"><span style=\"color: #ff0000;\">\u00a0<\/span><\/td>\n<td style=\"width: 67.1874%; background-color: #f9f9f9;\"><span style=\"text-decoration: underline;\">Painel 04<\/span>\u00a0 \u2013<span style=\"text-decoration: underline;\"> 15h \u00e0s 16h45<br \/>\n<strong>Perspectivas dos Sistemas de Controle de Obras<\/strong><\/span><\/td>\n<\/tr>\n<tr>\n<td style=\"width: 6.5463%;\"><\/td>\n<td style=\"width: 6.80966%;\"><span style=\"color: #ff0000;\">\u00a0<\/span><\/td>\n<td style=\"width: 67.1874%; background-color: #f9f9f9;\"><b>Mediadora:\u00a0<\/b>Diretora de Comunica\u00e7\u00e3o do Ibraop, Adriana Cuoco Portugal (TCDF)<\/p>\n<p><b>Palestrantes\/Debatedores:<\/b><\/p>\n<p>- Diretor de Rela\u00e7\u00f5es Institucionais do Ibraop, Pedro Paulo Piovesan de Farias (TCE-PR)<\/p>\n<p>- Diretor Administrativo do Ibraop, Guilherme Bride Fernandes (TCE-ES)<\/p>\n<p>- Coordenador Geral de Infraestrutura, Nicola Khoury (TCU)<\/p>\n<\/td>\n<\/tr>\n<tr>\n<td style=\"width: 6.5463%;\"><\/td>\n<td style=\"width: 6.80966%;\"><span style=\"color: #ff0000;\">\u00a0<\/span><\/td>\n<td style=\"width: 67.1874%;\"><span style=\"text-decoration: underline;\">16h45 \u00e0s 17h<br \/>\n<strong>Networking sobre o Tema<\/strong> (Inscri\u00e7\u00e3o Obrigat\u00f3ria)<br \/>\n<\/span><\/td>\n<\/tr>\n<tr>\n<td style=\"width: 6.5463%;\"><\/td>\n<td style=\"width: 6.80966%;\"><span style=\"color: #ff0000;\">\u00a0<\/span><\/td>\n<td style=\"width: 67.1874%; background-color: #f9f9f9;\"><span style=\"text-decoration: underline;\">Palestra 04<\/span> \u2013 <span style=\"text-decoration: underline;\">17h10 \u00e0s 18h<br \/>\n<strong>Aditamentos Contratuais de Obras P\u00fablicas e os Tribunais de Contas<\/strong><\/span><\/td>\n<\/tr>\n<tr>\n<td style=\"width: 6.5463%;\"><\/td>\n<td style=\"width: 6.80966%;\"><span style=\"color: #ff0000;\">\u00a0<\/span><\/td>\n<td style=\"width: 67.1874%; background-color: #f9f9f9;\"><b>Mediador: <\/b>Diretor Financeiro Adjunto do Ibraop, Bruno Malaquias\u00a0 (TCE-GO)<\/p>\n<p><b>Palestrante:<\/b>\u00a0Membro do Conselho Deliberativo do Ibraop e Auditor Federal de Controle Externo, Andr\u00e9 Pachioni Baeta (TCU)<\/p>\n<\/td>\n<\/tr>\n<tr>\n<td style=\"width: 6.5463%;\"><\/td>\n<td style=\"width: 73.9971%;\" colspan=\"2\"><span style=\"color: #ff0000;\">\u2666\ufe0f<span style=\"color: #333333;\"> Dia <strong>27 de novembro<\/strong> de 2020<\/span><\/span><span style=\"text-decoration: underline;\"><br \/>\n<\/span><\/td>\n<\/tr>\n<tr>\n<td style=\"width: 6.5463%;\"><\/td>\n<td style=\"width: 6.80966%;\"><span style=\"color: #ff0000;\">\u00a0<\/span><\/td>\n<td style=\"width: 67.1874%;\"><span style=\"text-decoration: underline;\">Painel 05<\/span> \u2013 <span style=\"text-decoration: underline;\">15h \u00e0s 17h<br \/>\n<strong>Obras paralisadas: Proposi\u00e7\u00f5es Construtivas<\/strong><\/span><\/td>\n<\/tr>\n<tr>\n<td style=\"width: 6.5463%;\"><\/td>\n<td style=\"width: 6.80966%;\"><span style=\"color: #ff0000;\">\u00a0<\/span><\/td>\n<td style=\"width: 67.1874%;\"><b>Mediador:\u00a0<\/b>Diretor de Rela\u00e7\u00f5es Institucionais do Ibraop, Pedro Paulo Piovesan de Farias (TCE-PR)<\/p>\n<p><b>Palestrantes\/Debatedores:<\/b><\/p>\n<p>- Superintendente Nacional da Rede Executiva de Governo - CEF, S\u00e9rgio Rodovalho Pereira<\/p>\n<p>- Gerente Executivo de Infraestrutura da Confedera\u00e7\u00e3o Nacional da Ind\u00fastria na \u00e1rea de log\u00edstica, Matheus Braga de Castro<\/p>\n<p>- Auditor Federal de Controle Externo, Andr\u00e9 de Oliveira Acevedo (TCU)<\/p>\n<p>- Diretora de Comunica\u00e7\u00e3o do Ibraop, Adriana Cuoco Portugal (TCDF)<\/p>\n<p>- Conselheiro Renato Rainha (TCDF)<\/p>\n<\/td>\n<\/tr>\n<tr>\n<td style=\"width: 6.5463%;\"><\/td>\n<td style=\"width: 6.80966%;\"><span style=\"color: #ff0000;\">\u00a0<\/span><\/td>\n<td style=\"width: 67.1874%; background-color: #f9f9f9;\"><span style=\"text-decoration: underline;\">Palestra 05<\/span>\u00a0 \u2013 <span style=\"text-decoration: underline;\">17h10 \u00e0s 18h<br \/>\n<strong>Legisla\u00e7\u00e3o de Obras P\u00fablicas: para onde vamos?<\/strong><\/span><\/td>\n<\/tr>\n<tr>\n<td style=\"width: 6.5463%;\"><\/td>\n<td style=\"width: 6.80966%;\"><span style=\"color: #ff0000;\">\u00a0<\/span><\/td>\n<td style=\"width: 67.1874%; background-color: #f9f9f9;\"><b>Mediador: <\/b>Presidente do Ibraop, Anderson Uliana Rolim (TCE-ES)<\/p>\n<p><b>Palestrante:\u00a0<\/b>Diretor T\u00e9cnico do Ibraop, Pedro Jorge R. de Oliveira (TCE-SC)<\/p>\n<\/td>\n<\/tr>\n<tr>\n<td style=\"width: 6.5463%;\"><\/td>\n<td style=\"width: 6.80966%;\"><span style=\"color: #ff0000;\">\u00a0<\/span><\/td>\n<td style=\"width: 67.1874%;\"><span style=\"text-decoration: underline;\"><strong>Encerramento<\/strong><\/span> \u2013 <span style=\"text-decoration: underline;\">18h \u00e0s 18h30<\/span><\/td>\n<\/tr>\n<\/tbody>\n<\/table>\n<p><!-- \/wp:paragraph --><\/p>\n<\/div>\n<\/div><\/div><\/div><\/div><\/div>","protected":false},"excerpt":{"rendered":"<p>Programa\u00e7\u00e3o dos Eventos On-line SEMIN\u00c1RIO T\u00c9CNICO 20 ANOS \u00bbAcervo \u2666\ufe0f Dia 23 de novembro de 2020 de 16h \u00e0s 18h: Assembleia Geral do Ibraop, apenas para Membros Associados, Diretoria Executiva, Conselho Deliberativo e Conselho Fiscal de 18h30 \u00e0s 20h Comemora\u00e7\u00e3o dos 20 anos do Ibraop Palavra do Presidente Palavra dos convidados Homenagens Apresenta\u00e7\u00e3o do Novo Site e V\u00eddeo Institucional do Ibraop Palestra 01\u00a0&#8211; Nova OT [&hellip;]<\/p>\n","protected":false},"author":4985,"featured_media":0,"parent":0,"menu_order":0,"comment_status":"closed","ping_status":"closed","template":"","meta":[],"_links":{"self":[{"href":"http:\/\/site.ibraop.org.br\/20anos\/wp-json\/wp\/v2\/pages\/65"}],"collection":[{"href":"http:\/\/site.ibraop.org.br\/20anos\/wp-json\/wp\/v2\/pages"}],"about":[{"href":"http:\/\/site.ibraop.org.br\/20anos\/wp-json\/wp\/v2\/types\/page"}],"author":[{"embeddable":true,"href":"http:\/\/site.ibraop.org.br\/20anos\/wp-json\/wp\/v2\/users\/4985"}],"replies":[{"embeddable":true,"href":"http:\/\/site.ibraop.org.br\/20anos\/wp-json\/wp\/v2\/comments?post=65"}],"version-history":[{"count":77,"href":"http:\/\/site.ibraop.org.br\/20anos\/wp-json\/wp\/v2\/pages\/65\/revisions"}],"predecessor-version":[{"id":2763,"href":"http:\/\/site.ibraop.org.br\/20anos\/wp-json\/wp\/v2\/pages\/65\/revisions\/2763"}],"wp:attachment":[{"href":"http:\/\/site.ibraop.org.br\/20anos\/wp-json\/wp\/v2\/media?parent=65"}],"curies":[{"name":"wp","href":"https:\/\/api.w.org\/{rel}","templated":true}]}}